{"id":34,"date":"2013-01-09T20:59:56","date_gmt":"2013-01-09T20:59:56","guid":{"rendered":"http:\/\/demo.wpzoom.com\/petit\/?page_id=34"},"modified":"2025-08-06T11:46:53","modified_gmt":"2025-08-06T11:46:53","slug":"about-recetas-by-oum-bilal-2","status":"publish","type":"page","link":"https:\/\/recetasbyoumbilal.com\/en\/sobre-blog-de-recetas-by-oum-bilal\/","title":{"rendered":"Sobre \u00abRecetas by Oum Bilal\u00bb"},"content":{"rendered":"<p>Hi and welcome to my blog!<\/p>\n\n\n\n<p><br>I am a wife and mother of three little people who fill my life with love, joy... and my<br>kitchen with crumbs! <strong>In love with homemade meals<\/strong>, I have always believed that cooking<br>goes far beyond feeding: it is a way of caring, thanking and creating<br>memories in family.<\/p>\n\n\n\n<p><br>This recipe blog, Recetas by Oum Bilal, is dedicated to all women who<br>who love cooking and homemade food. Especially moms who, like me,<br>many times need a little bit of inspiration or are looking for a different recipe<br>to brighten the day.<\/p>\n\n\n\n<p><br>I too have gone through those moments when I didn't know what to cook. I have<br>spent hours searching for ideas on recipe blogs from around the world. That's why I decided<br>create this space: a corner where you can share the <strong>recipes that really<br>work<\/strong>, those that are born between laughter, games and curious little hands that<br>want to help.<\/p>\n\n\n\n<p><br>Here you will find <strong>easy recipes<\/strong>, authentic and full of love. Some of them<br>have been with me for years, and others have emerged when I let myself be<br>creative or by giving my personal touch to dishes from different countries.<\/p>\n\n\n\n<p><br>Recetas by Oum Bilal is more than a blog: it\u00b4s a <strong>culinary home<\/strong> where I share<br>what I know, what I'm learning and what I cook with love every day. Because the<br>the most important ingredients will always be time, love and family.<\/p>\n\n\n\n<p>I hope you enjoy this recipe blog and <em>find a recipe<\/em> (or several) in the<a href=\"https:\/\/recetasbyoumbilal.com\/en\/recipe-index-2\/\"><mark style=\"background-color:rgba(0, 0, 0, 0)\" class=\"has-inline-color has-pale-pink-color\"> recipe index<\/mark><\/a>, <em>with which you make your family smile.<\/em><\/p>\n\n\n\n<p><strong>Thank you for being here.<br><em>Put on your apron and join me on this delicious adventure.<\/em><\/strong><\/p>\n\n\n\n<p><strong>Every click, every recipe you make, every comment and\/or rating you leave me, helps me grow this recipe blog and makes me able to continue sharing my passion for cooking with you completely for free. If you have prepared a recipe that you have enjoyed, I greatly appreciate it if you leave me a comment and rating on the recipe.\nThank you so very much!<\/strong><\/p>\n\n\n\n<p><strong>Follow me on social media\ud83d\ude42<\/strong><\/p>","protected":false},"excerpt":{"rendered":"<p>\u00a1Hola y bienvenida a mi blog! Soy esposa y mam\u00e1 de tres personitas que llenan mi vida de amor, alegr\u00eda\u2026 \u00a1y micocina de migas! Enamorada de la cocina casera, siempre he cre\u00eddo que cocinarva mucho m\u00e1s all\u00e1 de alimentar: es una forma de cuidar, agradecer y crearrecuerdos en familia. Este [&hellip;]<\/p>\n","protected":false},"author":1,"featured_media":0,"parent":0,"menu_order":0,"comment_status":"open","ping_status":"open","template":"","meta":{"cos_headline_score":0,"cos_seo_score":0,"cos_headline_text":"Sobre \"Recetas by Oum Bilal\"","cos_headline_has_been_analyzed":false,"cos_last_analyzed_headline":[],"_uf_show_specific_survey":0,"_uf_disable_surveys":false,"footnotes":""},"class_list":["post-34","page","type-page","status-publish","hentry"],"yoast_head":"<!-- This site is optimized with the Yoast SEO plugin v27.3 - https:\/\/yoast.com\/product\/yoast-seo-wordpress\/ -->\n<title>Sobre &quot;Recetas by Oum Bilal&quot; - Recetas by Oum Bilal<\/title>\n<meta name=\"description\" content=\"Este blog de recetas &quot;Recetas by Oum Bilal&quot; est\u00e1 dedicado a todas las personas amantes de la cocina y de la comida. \u00a1Encuentra tu receta aqui!\" \/>\n<meta name=\"robots\" content=\"index, follow, max-snippet:-1, max-image-preview:large, max-video-preview:-1\" \/>\n<link rel=\"canonical\" href=\"https:\/\/recetasbyoumbilal.com\/en\/about-recetas-by-oum-bilal-2\/\" \/>\n<meta property=\"og:locale\" content=\"en_US\" \/>\n<meta property=\"og:type\" content=\"article\" \/>\n<meta property=\"og:title\" content=\"Sobre &quot;Recetas by Oum Bilal&quot; - Recetas by Oum Bilal\" \/>\n<meta property=\"og:description\" content=\"Este blog de recetas &quot;Recetas by Oum Bilal&quot; est\u00e1 dedicado a todas las personas amantes de la cocina y de la comida. \u00a1Encuentra tu receta aqui!\" \/>\n<meta property=\"og:url\" content=\"https:\/\/recetasbyoumbilal.com\/en\/about-recetas-by-oum-bilal-2\/\" \/>\n<meta property=\"og:site_name\" content=\"Recetas by Oum Bilal\" \/>\n<meta property=\"article:modified_time\" content=\"2025-08-06T11:46:53+00:00\" \/>\n<meta property=\"og:image\" content=\"https:\/\/recetasbyoumbilal.com\/wp-content\/uploads\/2023\/07\/cropped-IMG-3739.png\" \/>\n\t<meta property=\"og:image:width\" content=\"3428\" \/>\n\t<meta property=\"og:image:height\" content=\"1430\" \/>\n\t<meta property=\"og:image:type\" content=\"image\/png\" \/>\n<meta name=\"twitter:card\" content=\"summary_large_image\" \/>\n<meta name=\"twitter:label1\" content=\"Est. reading time\" \/>\n\t<meta name=\"twitter:data1\" content=\"2 minutes\" \/>\n<script type=\"application\/ld+json\" class=\"yoast-schema-graph\">{\"@context\":\"https:\\\/\\\/schema.org\",\"@graph\":[{\"@type\":\"WebPage\",\"@id\":\"https:\\\/\\\/recetasbyoumbilal.com\\\/sobre-blog-de-recetas-by-oum-bilal\\\/\",\"url\":\"https:\\\/\\\/recetasbyoumbilal.com\\\/sobre-blog-de-recetas-by-oum-bilal\\\/\",\"name\":\"Sobre \\\"Recetas by Oum Bilal\\\" - Recetas by Oum Bilal\",\"isPartOf\":{\"@id\":\"https:\\\/\\\/recetasbyoumbilal.com\\\/#website\"},\"datePublished\":\"2013-01-09T20:59:56+00:00\",\"dateModified\":\"2025-08-06T11:46:53+00:00\",\"description\":\"Este blog de recetas \\\"Recetas by Oum Bilal\\\" est\u00e1 dedicado a todas las personas amantes de la cocina y de la comida. \u00a1Encuentra tu receta aqui!\",\"breadcrumb\":{\"@id\":\"https:\\\/\\\/recetasbyoumbilal.com\\\/sobre-blog-de-recetas-by-oum-bilal\\\/#breadcrumb\"},\"inLanguage\":\"en-US\",\"potentialAction\":[{\"@type\":\"ReadAction\",\"target\":[\"https:\\\/\\\/recetasbyoumbilal.com\\\/sobre-blog-de-recetas-by-oum-bilal\\\/\"]}]},{\"@type\":\"BreadcrumbList\",\"@id\":\"https:\\\/\\\/recetasbyoumbilal.com\\\/sobre-blog-de-recetas-by-oum-bilal\\\/#breadcrumb\",\"itemListElement\":[{\"@type\":\"ListItem\",\"position\":1,\"name\":\"Portada\",\"item\":\"https:\\\/\\\/recetasbyoumbilal.com\\\/\"},{\"@type\":\"ListItem\",\"position\":2,\"name\":\"Sobre &#8220;Recetas by Oum Bilal&#8221;\"}]},{\"@type\":\"WebSite\",\"@id\":\"https:\\\/\\\/recetasbyoumbilal.com\\\/#website\",\"url\":\"https:\\\/\\\/recetasbyoumbilal.com\\\/\",\"name\":\"Recetas by Oum Bilal\",\"description\":\"\",\"publisher\":{\"@id\":\"https:\\\/\\\/recetasbyoumbilal.com\\\/#organization\"},\"potentialAction\":[{\"@type\":\"SearchAction\",\"target\":{\"@type\":\"EntryPoint\",\"urlTemplate\":\"https:\\\/\\\/recetasbyoumbilal.com\\\/?s={search_term_string}\"},\"query-input\":{\"@type\":\"PropertyValueSpecification\",\"valueRequired\":true,\"valueName\":\"search_term_string\"}}],\"inLanguage\":\"en-US\"},{\"@type\":\"Organization\",\"@id\":\"https:\\\/\\\/recetasbyoumbilal.com\\\/#organization\",\"name\":\"Recetas By Oum Bilal\",\"url\":\"https:\\\/\\\/recetasbyoumbilal.com\\\/\",\"logo\":{\"@type\":\"ImageObject\",\"inLanguage\":\"en-US\",\"@id\":\"https:\\\/\\\/recetasbyoumbilal.com\\\/#\\\/schema\\\/logo\\\/image\\\/\",\"url\":\"https:\\\/\\\/recetasbyoumbilal.com\\\/wp-content\\\/uploads\\\/2023\\\/07\\\/cropped-IMG-3739-1-e1689168507912-1536x574-1.png\",\"contentUrl\":\"https:\\\/\\\/recetasbyoumbilal.com\\\/wp-content\\\/uploads\\\/2023\\\/07\\\/cropped-IMG-3739-1-e1689168507912-1536x574-1.png\",\"width\":336,\"height\":126,\"caption\":\"Recetas By Oum Bilal\"},\"image\":{\"@id\":\"https:\\\/\\\/recetasbyoumbilal.com\\\/#\\\/schema\\\/logo\\\/image\\\/\"}}]}<\/script>\n<!-- \/ Yoast SEO plugin. -->","yoast_head_json":{"title":"Sobre \"Recetas by Oum Bilal\" - Recetas by Oum Bilal","description":"Este blog de recetas \"Recetas by Oum Bilal\" est\u00e1 dedicado a todas las personas amantes de la cocina y de la comida. \u00a1Encuentra tu receta aqui!","robots":{"index":"index","follow":"follow","max-snippet":"max-snippet:-1","max-image-preview":"max-image-preview:large","max-video-preview":"max-video-preview:-1"},"canonical":"https:\/\/recetasbyoumbilal.com\/en\/about-recetas-by-oum-bilal-2\/","og_locale":"en_US","og_type":"article","og_title":"Sobre \"Recetas by Oum Bilal\" - Recetas by Oum Bilal","og_description":"Este blog de recetas \"Recetas by Oum Bilal\" est\u00e1 dedicado a todas las personas amantes de la cocina y de la comida. \u00a1Encuentra tu receta aqui!","og_url":"https:\/\/recetasbyoumbilal.com\/en\/about-recetas-by-oum-bilal-2\/","og_site_name":"Recetas by Oum Bilal","article_modified_time":"2025-08-06T11:46:53+00:00","og_image":[{"width":3428,"height":1430,"url":"https:\/\/recetasbyoumbilal.com\/wp-content\/uploads\/2023\/07\/cropped-IMG-3739.png","type":"image\/png"}],"twitter_card":"summary_large_image","twitter_misc":{"Est. reading time":"2 minutes"},"schema":{"@context":"https:\/\/schema.org","@graph":[{"@type":"WebPage","@id":"https:\/\/recetasbyoumbilal.com\/sobre-blog-de-recetas-by-oum-bilal\/","url":"https:\/\/recetasbyoumbilal.com\/sobre-blog-de-recetas-by-oum-bilal\/","name":"Sobre \"Recetas by Oum Bilal\" - Recetas by Oum Bilal","isPartOf":{"@id":"https:\/\/recetasbyoumbilal.com\/#website"},"datePublished":"2013-01-09T20:59:56+00:00","dateModified":"2025-08-06T11:46:53+00:00","description":"Este blog de recetas \"Recetas by Oum Bilal\" est\u00e1 dedicado a todas las personas amantes de la cocina y de la comida. \u00a1Encuentra tu receta aqui!","breadcrumb":{"@id":"https:\/\/recetasbyoumbilal.com\/sobre-blog-de-recetas-by-oum-bilal\/#breadcrumb"},"inLanguage":"en-US","potentialAction":[{"@type":"ReadAction","target":["https:\/\/recetasbyoumbilal.com\/sobre-blog-de-recetas-by-oum-bilal\/"]}]},{"@type":"BreadcrumbList","@id":"https:\/\/recetasbyoumbilal.com\/sobre-blog-de-recetas-by-oum-bilal\/#breadcrumb","itemListElement":[{"@type":"ListItem","position":1,"name":"Portada","item":"https:\/\/recetasbyoumbilal.com\/"},{"@type":"ListItem","position":2,"name":"Sobre &#8220;Recetas by Oum Bilal&#8221;"}]},{"@type":"WebSite","@id":"https:\/\/recetasbyoumbilal.com\/#website","url":"https:\/\/recetasbyoumbilal.com\/","name":"Recetas by Oum Bilal","description":"","publisher":{"@id":"https:\/\/recetasbyoumbilal.com\/#organization"},"potentialAction":[{"@type":"SearchAction","target":{"@type":"EntryPoint","urlTemplate":"https:\/\/recetasbyoumbilal.com\/?s={search_term_string}"},"query-input":{"@type":"PropertyValueSpecification","valueRequired":true,"valueName":"search_term_string"}}],"inLanguage":"en-US"},{"@type":"Organization","@id":"https:\/\/recetasbyoumbilal.com\/#organization","name":"Recetas By Oum Bilal","url":"https:\/\/recetasbyoumbilal.com\/","logo":{"@type":"ImageObject","inLanguage":"en-US","@id":"https:\/\/recetasbyoumbilal.com\/#\/schema\/logo\/image\/","url":"https:\/\/recetasbyoumbilal.com\/wp-content\/uploads\/2023\/07\/cropped-IMG-3739-1-e1689168507912-1536x574-1.png","contentUrl":"https:\/\/recetasbyoumbilal.com\/wp-content\/uploads\/2023\/07\/cropped-IMG-3739-1-e1689168507912-1536x574-1.png","width":336,"height":126,"caption":"Recetas By Oum Bilal"},"image":{"@id":"https:\/\/recetasbyoumbilal.com\/#\/schema\/logo\/image\/"}}]}},"_links":{"self":[{"href":"https:\/\/recetasbyoumbilal.com\/en\/wp-json\/wp\/v2\/pages\/34","targetHints":{"allow":["GET"]}}],"collection":[{"href":"https:\/\/recetasbyoumbilal.com\/en\/wp-json\/wp\/v2\/pages"}],"about":[{"href":"https:\/\/recetasbyoumbilal.com\/en\/wp-json\/wp\/v2\/types\/page"}],"author":[{"embeddable":true,"href":"https:\/\/recetasbyoumbilal.com\/en\/wp-json\/wp\/v2\/users\/1"}],"replies":[{"embeddable":true,"href":"https:\/\/recetasbyoumbilal.com\/en\/wp-json\/wp\/v2\/comments?post=34"}],"version-history":[{"count":2,"href":"https:\/\/recetasbyoumbilal.com\/en\/wp-json\/wp\/v2\/pages\/34\/revisions"}],"predecessor-version":[{"id":8043,"href":"https:\/\/recetasbyoumbilal.com\/en\/wp-json\/wp\/v2\/pages\/34\/revisions\/8043"}],"wp:attachment":[{"href":"https:\/\/recetasbyoumbilal.com\/en\/wp-json\/wp\/v2\/media?parent=34"}],"curies":[{"name":"wp","href":"https:\/\/api.w.org\/{rel}","templated":true}]}}